{"id":678,"date":"2026-03-31T09:04:25","date_gmt":"2026-03-31T09:04:25","guid":{"rendered":"https:\/\/ppbactuarialservices.com\/declaracion-de-accesibilidad\/"},"modified":"2026-03-31T12:44:23","modified_gmt":"2026-03-31T12:44:23","slug":"declaracion-de-accesibilidad","status":"publish","type":"page","link":"https:\/\/ppbactuarialservices.com\/es\/declaracion-de-accesibilidad\/","title":{"rendered":"Declaraci\u00f3n de accesibilidad"},"content":{"rendered":"\n<p>PPB Actuarial Services se compromete a ofrecer un sitio web totalmente accesible para todos los usuarios, incluidos aquellos que utilizan tecnolog\u00edas de apoyo, como lectores de pantalla, lupas de pantalla y dispositivos alternativos de entrada de teclado, para navegar por el sitio web.<\/p>\n\n<h2 class=\"wp-block-heading\">Estado de cumplimiento<\/h2>\n\n<p>Este sitio web cumple parcialmente con el Real Decreto 1112\/2018 debido al incumplimiento de los aspectos que se enumeran a continuaci\u00f3n<\/p>\n\n<h2 class=\"wp-block-heading\">Esfuerzos continuos para garantizar la accesibilidad<\/h2>\n\n<p>Seguimos las <a href=\"https:\/\/www.w3.org\/TR\/WCAG21\/\">Pautas de Accesibilidad al Contenido Web (WCAG) <\/a>versi\u00f3n 2.1 como principio rector para determinar la accesibilidad. Se trata de normas acordadas internacionalmente que abarcan una amplia gama de recomendaciones y buenas pr\u00e1cticas para que el contenido sea utilizable. A medida que a\u00f1adimos nuevas p\u00e1ginas y funciones a nuestro sitio web, todos los dise\u00f1os, el c\u00f3digo y las pr\u00e1cticas de introducci\u00f3n de contenido se comprueban con arreglo a estas normas.  <\/p>\n\n<p>La accesibilidad del sitio web es un proceso continuo. Comprobamos constantemente que el contenido y las funciones cumplan con el Nivel AA de las WCAG 2.1 y rectificamos cualquier problema para garantizar que cumplimos o superamos las normas. <\/p>\n\n<p>El uso de cualquier contenido o servicio del sitio web puede estar sujeto a la suscripci\u00f3n o el registro previo del usuario.<\/p>\n\n<h2 class=\"wp-block-heading\">Contenido no accesible<\/h2>\n\n<p>El contenido que se muestra a continuaci\u00f3n no es accesible por las siguientes razones:<\/p>\n\n<ul class=\"wp-block-list\">\n<li>Incumplimiento del Real Decreto 1112\/2018<\/li>\n\n\n\n<li>Puede haber im\u00e1genes sin texto explicativo que las acompa\u00f1e.<\/li>\n\n\n\n<li>Puede que a\u00fan haya anidamiento incorrecto de etiquetas.<\/li>\n\n\n\n<li>Puede haber errores de edici\u00f3n en el sitio web.<\/li>\n\n\n\n<li>Carga desproporcionada<\/li>\n\n\n\n<li>No aplicable.<\/li>\n\n\n\n<li>El contenido no entra dentro del \u00e1mbito de aplicaci\u00f3n de la legislaci\u00f3n vigente.<\/li>\n\n\n\n<li>Hay documentos PDF que no cumplen \u00edntegramente todos los requisitos de accesibilidad.<\/li>\n<\/ul>\n\n<h2 class=\"wp-block-heading\">Elaboraci\u00f3n de esta declaraci\u00f3n de accesibilidad:<\/h2>\n\n<p>Esta declaraci\u00f3n se elabor\u00f3 el 31 de marzo de 2026.<\/p>\n\n<p>El m\u00e9todo utilizado para elaborar la declaraci\u00f3n fue una autoevaluaci\u00f3n realizada por el equipo de accesibilidad de la organizaci\u00f3n.<\/p>\n\n<p>\u00daltima revisi\u00f3n de la declaraci\u00f3n: 31 de marzo de 2026.<\/p>\n\n<h3 class=\"wp-block-heading\">Comentarios y datos de contacto:<\/h3>\n\n<p>Puede enviar informes relativos a los requisitos de accesibilidad (art\u00edculo 10.2.a del Real Decreto 1112\/2018), tales como:<\/p>\n\n<ul class=\"wp-block-list\">\n<li>Informar de cualquier posible problema de accesibilidad en este sitio web.<\/li>\n\n\n\n<li>Informar de cualquier otra dificultad para acceder al contenido.<\/li>\n\n\n\n<li>Enviar cualquier otra consulta o sugerencia de mejora relativa a la accesibilidad del sitio web.<\/li>\n<\/ul>\n\n<p>Indique en el asunto: \u00abAccesibilidad web\u00bb<br\/>Todas las comunicaciones ser\u00e1n recibidas y gestionadas por el Equipo de Accesibilidad.<\/p>\n\n<h3 class=\"wp-block-heading\">Accesibilidad en nuestro sitio web<\/h3>\n\n<p>A continuaci\u00f3n se incluye una lista de las caracter\u00edsticas que hemos incorporado a nuestro sitio web para mejorar su accesibilidad:<br\/><br\/><strong>Contenido opcional:<\/strong><\/p>\n\n<p>Se han implementado una serie de medidas en este sitio web con el objetivo de mejorar la accesibilidad. Entre otras cosas, esto ofrece las siguientes ventajas:<br\/>Hacer que el sitio sea accesible para todo el mundo, independientemente de su condici\u00f3n f\u00edsica o entorno.<br\/>Proporcionar contenido claro y bien estructurado.<br\/>Mejorar la navegaci\u00f3n y la experiencia del usuario.<br\/>Las medidas implementadas incluyen: <\/p>\n\n<p><strong>Bot\u00f3n de accesibilidad situado a la izquierda<\/strong><br\/>En todas las p\u00e1ginas del sitio web hay un bot\u00f3n situado a la izquierda con el s\u00edmbolo de accesibilidad; al hacer clic en \u00e9l, se abre una ventana emergente que muestra las distintas opciones de accesibilidad visual disponibles para el sitio web.<\/p>\n\n<p class=\"has-text-align-center\"><img loading=\"lazy\" decoding=\"async\" width=\"173\" height=\"171\" src=\"https:\/\/www.profundapsicologia.com\/wp-content\/uploads\/2025\/07\/Plugin-Accesibilidad-Icono-lateral.webp\" alt=\"\"\/><\/p>\n\n<p><strong>Atajos de teclado<\/strong><br\/>Internet Explorer 6 o posterior: ALT + tecla de atajo + tecla ENTER<br\/>Mozilla Firefox 2.0 o posterior: ALT + MAY\u00daS + tecla de atajo (Configuraci\u00f3n \u2013 Avanzado en el navegador utilizando dos teclas)<br\/>Opera: MAY\u00daS + Esc para activar los atajos de teclado<br\/>macOS: CONTROL + tecla de atajo.<br\/>Chrome: ALT + tecla de atajo.<\/p>\n\n<h3 class=\"wp-block-heading\">Contacto de asistencia en materia de accesibilidad<\/h3>\n\n<p>Agradecemos tus comentarios, preguntas y opiniones sobre nuestra p\u00e1gina web. Si utilizas tecnolog\u00eda de apoyo y tienes dificultades para navegar por nuestra p\u00e1gina web, env\u00edanos un correo electr\u00f3nico. Haremos todo lo posible por ayudarte y resolver cualquier problema que puedas tener.  <\/p>\n","protected":false},"excerpt":{"rendered":"<p>PPB Actuarial Services se compromete a ofrecer un sitio web totalmente accesible para todos los usuarios, incluidos aquellos que utilizan tecnolog\u00edas de apoyo, como lectores de pantalla, lupas de pantalla y dispositivos alternativos de entrada de teclado, para navegar por el sitio web. Estado de cumplimiento Este sitio web cumple parcialmente con el Real Decreto&#8230;<\/p>\n","protected":false},"author":1,"featured_media":0,"parent":0,"menu_order":0,"comment_status":"closed","ping_status":"closed","template":"","meta":{"_kadence_starter_templates_imported_post":false,"_kad_post_transparent":"","_kad_post_title":"","_kad_post_layout":"","_kad_post_sidebar_id":"","_kad_post_content_style":"","_kad_post_vertical_padding":"","_kad_post_feature":"","_kad_post_feature_position":"","_kad_post_header":false,"_kad_post_footer":false,"_kad_post_classname":"","footnotes":""},"class_list":["post-678","page","type-page","status-publish","hentry"],"_links":{"self":[{"href":"https:\/\/ppbactuarialservices.com\/es\/wp-json\/wp\/v2\/pages\/678","targetHints":{"allow":["GET"]}}],"collection":[{"href":"https:\/\/ppbactuarialservices.com\/es\/wp-json\/wp\/v2\/pages"}],"about":[{"href":"https:\/\/ppbactuarialservices.com\/es\/wp-json\/wp\/v2\/types\/page"}],"author":[{"embeddable":true,"href":"https:\/\/ppbactuarialservices.com\/es\/wp-json\/wp\/v2\/users\/1"}],"replies":[{"embeddable":true,"href":"https:\/\/ppbactuarialservices.com\/es\/wp-json\/wp\/v2\/comments?post=678"}],"version-history":[{"count":1,"href":"https:\/\/ppbactuarialservices.com\/es\/wp-json\/wp\/v2\/pages\/678\/revisions"}],"predecessor-version":[{"id":679,"href":"https:\/\/ppbactuarialservices.com\/es\/wp-json\/wp\/v2\/pages\/678\/revisions\/679"}],"wp:attachment":[{"href":"https:\/\/ppbactuarialservices.com\/es\/wp-json\/wp\/v2\/media?parent=678"}],"curies":[{"name":"wp","href":"https:\/\/api.w.org\/{rel}","templated":true}]}}