{"id":672,"date":"2026-03-31T08:58:45","date_gmt":"2026-03-31T08:58:45","guid":{"rendered":"https:\/\/ppbactuarialservices.com\/aviso-legal\/"},"modified":"2026-03-31T12:16:45","modified_gmt":"2026-03-31T12:16:45","slug":"aviso-legal","status":"publish","type":"page","link":"https:\/\/ppbactuarialservices.com\/es\/aviso-legal\/","title":{"rendered":"Aviso legal"},"content":{"rendered":"\n<p>De conformidad con la normativa vigente, se facilita la siguiente informaci\u00f3n:<br\/><strong>Titular<\/strong>: Pablo Plaza Bocos \/ PPB Actuarial Services Sociedad Limitada<br\/><strong>NIF<\/strong>: B05276779<br\/><strong>Direcci\u00f3n<\/strong>: Calle del Garraf, 31<br\/>08192 Sant Quirze del Vall\u00e8s<br\/>Barcelona, Catalu\u00f1a, Espa\u00f1a<br\/><strong>Correo electr\u00f3nico<\/strong>: info@pbbactuarialservices<\/p>\n\n<p>El objetivo de este sitio web es proporcionar informaci\u00f3n sobre los servicios de consultor\u00eda actuarial que ofrece el propietario.<\/p>\n\n<h2 class=\"wp-block-heading\">Condiciones de uso<\/h2>\n\n<p>El acceso y el uso de este sitio web confieren la condici\u00f3n de usuario e implican la plena aceptaci\u00f3n de estas condiciones.<br\/>El usuario se compromete a hacer un uso adecuado de los contenidos y a no utilizarlos para actividades il\u00edcitas o contrarias a la buena fe.<\/p>\n\n<h2 class=\"wp-block-heading\">Propiedad intelectual<\/h2>\n\n<p>Todo el contenido de este sitio web (textos, im\u00e1genes, dise\u00f1o, logotipos, etc.) es propiedad del titular o se utiliza con los derechos correspondientes. Queda prohibida su reproducci\u00f3n sin autorizaci\u00f3n previa. <\/p>\n\n<h2 class=\"wp-block-heading\">Responsabilidad<\/h2>\n\n<p>El propietario no se hace responsable del uso indebido de los contenidos del sitio web ni de los da\u00f1os que pudieran derivarse de su uso.<\/p>\n","protected":false},"excerpt":{"rendered":"<p>De conformidad con la normativa vigente, se facilita la siguiente informaci\u00f3n:Titular: Pablo Plaza Bocos \/ PPB Actuarial Services Sociedad LimitadaNIF: B05276779Direcci\u00f3n: Calle del Garraf, 3108192 Sant Quirze del Vall\u00e8sBarcelona, Catalu\u00f1a, Espa\u00f1aCorreo electr\u00f3nico: info@pbbactuarialservices El objetivo de este sitio web es proporcionar informaci\u00f3n sobre los servicios de consultor\u00eda actuarial que ofrece el propietario. Condiciones de uso&#8230;<\/p>\n","protected":false},"author":1,"featured_media":0,"parent":0,"menu_order":0,"comment_status":"closed","ping_status":"closed","template":"","meta":{"_kadence_starter_templates_imported_post":false,"_kad_post_transparent":"","_kad_post_title":"","_kad_post_layout":"","_kad_post_sidebar_id":"","_kad_post_content_style":"","_kad_post_vertical_padding":"","_kad_post_feature":"","_kad_post_feature_position":"","_kad_post_header":false,"_kad_post_footer":false,"_kad_post_classname":"","footnotes":""},"class_list":["post-672","page","type-page","status-publish","hentry"],"_links":{"self":[{"href":"https:\/\/ppbactuarialservices.com\/es\/wp-json\/wp\/v2\/pages\/672","targetHints":{"allow":["GET"]}}],"collection":[{"href":"https:\/\/ppbactuarialservices.com\/es\/wp-json\/wp\/v2\/pages"}],"about":[{"href":"https:\/\/ppbactuarialservices.com\/es\/wp-json\/wp\/v2\/types\/page"}],"author":[{"embeddable":true,"href":"https:\/\/ppbactuarialservices.com\/es\/wp-json\/wp\/v2\/users\/1"}],"replies":[{"embeddable":true,"href":"https:\/\/ppbactuarialservices.com\/es\/wp-json\/wp\/v2\/comments?post=672"}],"version-history":[{"count":1,"href":"https:\/\/ppbactuarialservices.com\/es\/wp-json\/wp\/v2\/pages\/672\/revisions"}],"predecessor-version":[{"id":673,"href":"https:\/\/ppbactuarialservices.com\/es\/wp-json\/wp\/v2\/pages\/672\/revisions\/673"}],"wp:attachment":[{"href":"https:\/\/ppbactuarialservices.com\/es\/wp-json\/wp\/v2\/media?parent=672"}],"curies":[{"name":"wp","href":"https:\/\/api.w.org\/{rel}","templated":true}]}}