{"id":670,"date":"2026-03-20T12:45:26","date_gmt":"2026-03-20T12:45:26","guid":{"rendered":"https:\/\/ppbactuarialservices.com\/politica-de-privacidad\/"},"modified":"2026-03-31T12:21:04","modified_gmt":"2026-03-31T12:21:04","slug":"politica-de-privacidad","status":"publish","type":"page","link":"https:\/\/ppbactuarialservices.com\/es\/politica-de-privacidad\/","title":{"rendered":"Pol\u00edtica de privacidad"},"content":{"rendered":"\n<p>En PPB Actuarial Services, nos comprometemos a proteger la privacidad de nuestros usuarios.<\/p>\n\n<h2 class=\"wp-block-heading\">Responsable del tratamiento<\/h2>\n\n<p>Nombre: Pablo Plaza Bocos \/ PPB Actuarial Services Sociedad Limitada<br\/>Correo electr\u00f3nico: info@ppbactuarialservices.com<\/p>\n\n<h2 class=\"wp-block-heading\">Finalidad del tratamiento<\/h2>\n\n<p>Los datos personales facilitados a trav\u00e9s del formulario de contacto ser\u00e1n utilizados exclusivamente para:<\/p>\n\n<ul class=\"wp-block-list\">\n<li>Responder a consultas<\/li>\n\n\n\n<li>Tramitar solicitudes de informaci\u00f3n<\/li>\n\n\n\n<li>Mantener comunicaciones profesionales<\/li>\n<\/ul>\n\n<h2 class=\"wp-block-heading\">Legitimaci\u00f3n<\/h2>\n\n<p>La base legal para el tratamiento de los datos es el consentimiento del usuario al enviar el formulario.<\/p>\n\n<h2 class=\"wp-block-heading\">Conservaci\u00f3n de los datos<\/h2>\n\n<p>Los datos se conservar\u00e1n durante el tiempo necesario para atender la solicitud y no se utilizar\u00e1n para otros fines.<br\/><\/p>\n\n<h2 class=\"wp-block-heading\">Cesi\u00f3n de datos<\/h2>\n\n<p>No se ceder\u00e1n datos a terceros, salvo obligaci\u00f3n legal.<\/p>\n\n<h2 class=\"wp-block-heading\">Derechos<\/h2>\n\n<p>Los usuarios pueden ejercer sus derechos de:<\/p>\n\n<ul class=\"wp-block-list\">\n<li>Acceso<\/li>\n\n\n\n<li>Rectificaci\u00f3n<\/li>\n\n\n\n<li>Supresi\u00f3n<\/li>\n\n\n\n<li>Oposici\u00f3n<\/li>\n\n\n\n<li>Limitaci\u00f3n del tratamiento enviando una solicitud a info@ppbactuarialservices.com<\/li>\n<\/ul>\n\n<h2 class=\"wp-block-heading\">Medidas de seguridad<\/h2>\n\n<p>Se adoptan las medidas t\u00e9cnicas y organizativas necesarias para garantizar la seguridad de los datos personales.<\/p>\n","protected":false},"excerpt":{"rendered":"<p>En PPB Actuarial Services, nos comprometemos a proteger la privacidad de nuestros usuarios. Responsable del tratamiento Nombre: Pablo Plaza Bocos \/ PPB Actuarial Services Sociedad LimitadaCorreo electr\u00f3nico: info@ppbactuarialservices.com Finalidad del tratamiento Los datos personales facilitados a trav\u00e9s del formulario de contacto ser\u00e1n utilizados exclusivamente para: Legitimaci\u00f3n La base legal para el tratamiento de los datos&#8230;<\/p>\n","protected":false},"author":1,"featured_media":0,"parent":0,"menu_order":0,"comment_status":"closed","ping_status":"open","template":"","meta":{"_kadence_starter_templates_imported_post":false,"_kad_post_transparent":"","_kad_post_title":"","_kad_post_layout":"","_kad_post_sidebar_id":"","_kad_post_content_style":"","_kad_post_vertical_padding":"","_kad_post_feature":"","_kad_post_feature_position":"","_kad_post_header":false,"_kad_post_footer":false,"_kad_post_classname":"","footnotes":""},"class_list":["post-670","page","type-page","status-publish","hentry"],"_links":{"self":[{"href":"https:\/\/ppbactuarialservices.com\/es\/wp-json\/wp\/v2\/pages\/670","targetHints":{"allow":["GET"]}}],"collection":[{"href":"https:\/\/ppbactuarialservices.com\/es\/wp-json\/wp\/v2\/pages"}],"about":[{"href":"https:\/\/ppbactuarialservices.com\/es\/wp-json\/wp\/v2\/types\/page"}],"author":[{"embeddable":true,"href":"https:\/\/ppbactuarialservices.com\/es\/wp-json\/wp\/v2\/users\/1"}],"replies":[{"embeddable":true,"href":"https:\/\/ppbactuarialservices.com\/es\/wp-json\/wp\/v2\/comments?post=670"}],"version-history":[{"count":5,"href":"https:\/\/ppbactuarialservices.com\/es\/wp-json\/wp\/v2\/pages\/670\/revisions"}],"predecessor-version":[{"id":677,"href":"https:\/\/ppbactuarialservices.com\/es\/wp-json\/wp\/v2\/pages\/670\/revisions\/677"}],"wp:attachment":[{"href":"https:\/\/ppbactuarialservices.com\/es\/wp-json\/wp\/v2\/media?parent=670"}],"curies":[{"name":"wp","href":"https:\/\/api.w.org\/{rel}","templated":true}]}}